{"id":30486,"date":"2022-10-28T23:14:19","date_gmt":"2022-10-28T20:14:19","guid":{"rendered":"https:\/\/emaksprime.com\/our-bank-account-information\/"},"modified":"2025-03-13T15:00:11","modified_gmt":"2025-03-13T12:00:11","slug":"our-bank-account-information","status":"publish","type":"page","link":"https:\/\/emaksprime.com\/en\/our-bank-account-information\/","title":{"rendered":"Our Bank Account Information"},"content":{"rendered":"\t\t<div data-elementor-type=\"wp-page\" data-elementor-id=\"30486\" class=\"elementor elementor-30486 elementor-21417\" data-elementor-post-type=\"page\">\n\t\t\t\t\t\t<section class=\"wd-negative-gap elementor-section elementor-top-section elementor-element elementor-element-70ebe717 elementor-section-boxed elementor-section-height-default elementor-section-height-default\" data-id=\"70ebe717\" data-element_type=\"section\" data-e-type=\"section\">\n\t\t\t\t\t\t<div class=\"elementor-container elementor-column-gap-default\">\n\t\t\t\t\t<div class=\"elementor-column elementor-col-50 elementor-top-column elementor-element elementor-element-539927c2\" data-id=\"539927c2\" data-element_type=\"column\" data-e-type=\"column\">\n\t\t\t<div class=\"elementor-widget-wrap elementor-element-populated\">\n\t\t\t\t\t\t<div class=\"elementor-element elementor-element-10f5ff29 elementor-widget elementor-widget-accordion\" data-id=\"10f5ff29\" data-element_type=\"widget\" data-e-type=\"widget\" data-widget_type=\"accordion.default\">\n\t\t\t\t\t\t\t<div class=\"elementor-accordion\">\n\t\t\t\t\t\t\t<div class=\"elementor-accordion-item\">\n\t\t\t\t\t<h5 id=\"elementor-tab-title-2841\" class=\"elementor-tab-title\" data-tab=\"1\" role=\"button\" aria-controls=\"elementor-tab-content-2841\" aria-expanded=\"false\">\n\t\t\t\t\t\t\t\t\t\t\t\t\t<span class=\"elementor-accordion-icon elementor-accordion-icon-left\" aria-hidden=\"true\">\n\t\t\t\t\t\t\t\t\t\t\t\t\t\t\t<span class=\"elementor-accordion-icon-closed\"><svg class=\"e-font-icon-svg e-fas-plus\" viewBox=\"0 0 448 512\" xmlns=\"http:\/\/www.w3.org\/2000\/svg\"><path d=\"M416 208H272V64c0-17.67-14.33-32-32-32h-32c-17.67 0-32 14.33-32 32v144H32c-17.67 0-32 14.33-32 32v32c0 17.67 14.33 32 32 32h144v144c0 17.67 14.33 32 32 32h32c17.67 0 32-14.33 32-32V304h144c17.67 0 32-14.33 32-32v-32c0-17.67-14.33-32-32-32z\"><\/path><\/svg><\/span>\n\t\t\t\t\t\t\t\t<span class=\"elementor-accordion-icon-opened\"><svg class=\"e-font-icon-svg e-fas-minus\" viewBox=\"0 0 448 512\" xmlns=\"http:\/\/www.w3.org\/2000\/svg\"><path d=\"M416 208H32c-17.67 0-32 14.33-32 32v32c0 17.67 14.33 32 32 32h384c17.67 0 32-14.33 32-32v-32c0-17.67-14.33-32-32-32z\"><\/path><\/svg><\/span>\n\t\t\t\t\t\t\t\t\t\t\t\t\t\t<\/span>\n\t\t\t\t\t\t\t\t\t\t\t\t<a class=\"elementor-accordion-title\" tabindex=\"0\">Ziraat Bank TL Account<\/a>\n\t\t\t\t\t<\/h5>\n\t\t\t\t\t<div id=\"elementor-tab-content-2841\" class=\"elementor-tab-content elementor-clearfix\" data-tab=\"1\" role=\"region\" aria-labelledby=\"elementor-tab-title-2841\"><p><img loading=\"lazy\" decoding=\"async\" class=\"alignnone size-medium wp-image-23362\" src=\"https:\/\/emaksprime.com\/wp-content\/uploads\/2023\/04\/Ziraat_Bankasi_logo_PNG1-300x75.png\" alt=\"\" width=\"300\" height=\"75\" srcset=\"https:\/\/emaksprime.com\/wp-content\/uploads\/2023\/04\/Ziraat_Bankasi_logo_PNG1-300x75.png 300w, https:\/\/emaksprime.com\/wp-content\/uploads\/2023\/04\/Ziraat_Bankasi_logo_PNG1-200x50.png 200w, https:\/\/emaksprime.com\/wp-content\/uploads\/2023\/04\/Ziraat_Bankasi_logo_PNG1.png 450w\" sizes=\"auto, (max-width: 300px) 100vw, 300px\" \/><\/p>\n<p><strong>BUYER NAME\/TITLE:<\/strong> EMAKS PRIME KAPI ve MOB\u0130LYA AKS. \u0130TH. \u0130HR. SAN. T\u0130C. LTD. \u015eT\u0130.<\/p>\n<p><strong>IBAN:<\/strong> TR 0600 0100 2526 8640 9433 5001<br \/><b>Ziraat Bankas\u0131 &#8211; Aykosan Ikitelli Subesi<\/b><\/p>\n<\/div>\n\t\t\t\t<\/div>\n\t\t\t\t\t\t\t\t<\/div>\n\t\t\t\t\t\t<\/div>\n\t\t\t\t<div class=\"elementor-element elementor-element-4e0007a8 elementor-alert-info elementor-widget elementor-widget-alert\" data-id=\"4e0007a8\" data-element_type=\"widget\" data-e-type=\"widget\" data-widget_type=\"alert.default\">\n\t\t\t\t\t\t\t<div class=\"elementor-alert\" role=\"alert\">\n\n\t\t\t\t\t\t<span class=\"elementor-alert-title\">Order Number Notification<\/span>\n\t\t\t\n\t\t\t\t\t\t<span class=\"elementor-alert-description\"><p>When making a payment to our bank accounts, first place your order on our website. Sipari\u015f sonucunda kar\u015f\u0131n\u0131za \u00e7\u0131kan sipari\u015f numaran\u0131z\u0131 \u00f6deme yaparken \u201ca\u00e7\u0131klama\u201d k\u0131sm\u0131nda belirtiniz. In addition, our accounts are checked regularly without you having to make a payment notification, and when the amount received in our account matches the order information, your order is processed and shipped after the supply process. If payment is not made to our accounts within 1 business day after your order, your orders will be canceled.<\/p>\n<\/span>\n\t\t\t\n\t\t\t\n\t\t<\/div>\n\t\t\t\t\t\t<\/div>\n\t\t\t\t\t<\/div>\n\t\t<\/div>\n\t\t\t\t<div class=\"elementor-column elementor-col-50 elementor-top-column elementor-element elementor-element-73f5a006\" data-id=\"73f5a006\" data-element_type=\"column\" data-e-type=\"column\">\n\t\t\t<div class=\"elementor-widget-wrap elementor-element-populated\">\n\t\t\t\t\t\t<div class=\"elementor-element elementor-element-869752d elementor-hidden-mobile elementor-widget elementor-widget-accordion\" data-id=\"869752d\" data-element_type=\"widget\" data-e-type=\"widget\" data-widget_type=\"accordion.default\">\n\t\t\t\t\t\t\t<div class=\"elementor-accordion\">\n\t\t\t\t\t\t\t<div class=\"elementor-accordion-item\">\n\t\t\t\t\t<h5 id=\"elementor-tab-title-1411\" class=\"elementor-tab-title\" data-tab=\"1\" role=\"button\" aria-controls=\"elementor-tab-content-1411\" aria-expanded=\"false\">\n\t\t\t\t\t\t\t\t\t\t\t\t\t<span class=\"elementor-accordion-icon elementor-accordion-icon-left\" aria-hidden=\"true\">\n\t\t\t\t\t\t\t\t\t\t\t\t\t\t\t<span class=\"elementor-accordion-icon-closed\"><svg class=\"e-font-icon-svg e-fas-plus\" viewBox=\"0 0 448 512\" xmlns=\"http:\/\/www.w3.org\/2000\/svg\"><path d=\"M416 208H272V64c0-17.67-14.33-32-32-32h-32c-17.67 0-32 14.33-32 32v144H32c-17.67 0-32 14.33-32 32v32c0 17.67 14.33 32 32 32h144v144c0 17.67 14.33 32 32 32h32c17.67 0 32-14.33 32-32V304h144c17.67 0 32-14.33 32-32v-32c0-17.67-14.33-32-32-32z\"><\/path><\/svg><\/span>\n\t\t\t\t\t\t\t\t<span class=\"elementor-accordion-icon-opened\"><svg class=\"e-font-icon-svg e-fas-minus\" viewBox=\"0 0 448 512\" xmlns=\"http:\/\/www.w3.org\/2000\/svg\"><path d=\"M416 208H32c-17.67 0-32 14.33-32 32v32c0 17.67 14.33 32 32 32h384c17.67 0 32-14.33 32-32v-32c0-17.67-14.33-32-32-32z\"><\/path><\/svg><\/span>\n\t\t\t\t\t\t\t\t\t\t\t\t\t\t<\/span>\n\t\t\t\t\t\t\t\t\t\t\t\t<a class=\"elementor-accordion-title\" tabindex=\"0\">Ziraat Bank USD Account<\/a>\n\t\t\t\t\t<\/h5>\n\t\t\t\t\t<div id=\"elementor-tab-content-1411\" class=\"elementor-tab-content elementor-clearfix\" data-tab=\"1\" role=\"region\" aria-labelledby=\"elementor-tab-title-1411\"><p><img loading=\"lazy\" decoding=\"async\" class=\"alignnone size-medium wp-image-23362\" src=\"https:\/\/emaksprime.com\/wp-content\/uploads\/2023\/04\/Ziraat_Bankasi_logo_PNG1-300x75.png\" alt=\"\" width=\"300\" height=\"75\" srcset=\"https:\/\/emaksprime.com\/wp-content\/uploads\/2023\/04\/Ziraat_Bankasi_logo_PNG1-300x75.png 300w, https:\/\/emaksprime.com\/wp-content\/uploads\/2023\/04\/Ziraat_Bankasi_logo_PNG1-200x50.png 200w, https:\/\/emaksprime.com\/wp-content\/uploads\/2023\/04\/Ziraat_Bankasi_logo_PNG1.png 450w\" sizes=\"auto, (max-width: 300px) 100vw, 300px\" \/><\/p>\n<p><strong>BUYER NAME\/TITLE:<\/strong> EMAKS PRIME KAPI ve MOB\u0130LYA AKS. \u0130TH. \u0130HR. SAN. T\u0130C. LTD. \u015eT\u0130.<\/p>\n<p><strong>IBAN:<\/strong> TR 7600 0100 2526 8640 9433 5002<br \/><b>Ziraat Bankas\u0131 &#8211; Swift Code TCZBTR2A<\/b><\/p>\n<\/div>\n\t\t\t\t<\/div>\n\t\t\t\t\t\t\t\t<\/div>\n\t\t\t\t\t\t<\/div>\n\t\t\t\t<div class=\"elementor-element elementor-element-7b0ca1af elementor-alert-warning elementor-widget elementor-widget-alert\" data-id=\"7b0ca1af\" data-element_type=\"widget\" data-e-type=\"widget\" data-widget_type=\"alert.default\">\n\t\t\t\t\t\t\t<div class=\"elementor-alert\" role=\"alert\">\n\n\t\t\t\t\t\t<span class=\"elementor-alert-title\">Warning<\/span>\n\t\t\t\n\t\t\t\t\t\t<span class=\"elementor-alert-description\"><p>Please check\/obtain our Bank Account Numbers before making your payment. <\/p>\n<p>Our bank account numbers will be sent to you via e-mail once you complete your order.<\/p>\n<p>We do not own any recipient\/bank account numbers other than those on the relevant page and we accept no responsibility.<\/p>\n<p>Your order will not be shipped until your payment is confirmed. If the payment does not reach our account within 1 (one) business day after your order, your order will be canceled and you will be notified.<\/p>\n<p>When sending your payment, please write the order number below in the description section of your money transfer so that we can identify it more easily.<\/p>\n<\/span>\n\t\t\t\n\t\t\t\t\t\t<button type=\"button\" class=\"elementor-alert-dismiss\" aria-label=\"Dismiss this alert.\">\n\t\t\t\t\t\t\t\t\t<span aria-hidden=\"true\">&times;<\/span>\n\t\t\t\t\t\t\t<\/button>\n\t\t\t\n\t\t<\/div>\n\t\t\t\t\t\t<\/div>\n\t\t\t\t\t<\/div>\n\t\t<\/div>\n\t\t\t\t\t<\/div>\n\t\t<\/section>\n\t\t\t\t<section class=\"wd-negative-gap elementor-section elementor-top-section elementor-element elementor-element-64b00b5 elementor-section-boxed elementor-section-height-default elementor-section-height-default\" data-id=\"64b00b5\" data-element_type=\"section\" data-e-type=\"section\">\n\t\t\t\t\t\t<div class=\"elementor-container elementor-column-gap-default\">\n\t\t\t\t\t<div class=\"elementor-column elementor-col-100 elementor-top-column elementor-element elementor-element-b6f0468\" data-id=\"b6f0468\" data-element_type=\"column\" data-e-type=\"column\">\n\t\t\t<div class=\"elementor-widget-wrap elementor-element-populated\">\n\t\t\t\t\t\t<div class=\"elementor-element elementor-element-ec948f5 elementor-alert-danger elementor-widget elementor-widget-alert\" data-id=\"ec948f5\" data-element_type=\"widget\" data-e-type=\"widget\" data-widget_type=\"alert.default\">\n\t\t\t\t\t\t\t<div class=\"elementor-alert\" role=\"alert\">\n\n\t\t\t\t\t\t<span class=\"elementor-alert-title\">Please Note<\/span>\n\t\t\t\n\t\t\t\t\t\t<span class=\"elementor-alert-description\"><p>Make money transfer\/EFT payments for your purchases from our website only to the account with the information on this page. Any information outside of this page does not belong to us, and we accept no responsibility.<\/p>\n<\/span>\n\t\t\t\n\t\t\t\t\t\t<button type=\"button\" class=\"elementor-alert-dismiss\" aria-label=\"Dismiss this alert.\">\n\t\t\t\t\t\t\t\t\t<span aria-hidden=\"true\">&times;<\/span>\n\t\t\t\t\t\t\t<\/button>\n\t\t\t\n\t\t<\/div>\n\t\t\t\t\t\t<\/div>\n\t\t\t\t\t<\/div>\n\t\t<\/div>\n\t\t\t\t\t<\/div>\n\t\t<\/section>\n\t\t\t\t<\/div>\n\t\t","protected":false},"excerpt":{"rendered":"<p>Ziraat Bank TL Account BUYER NAME\/TITLE: EMAKS PRIME KAPI ve MOB\u0130LYA AKS. \u0130TH. \u0130HR. SAN. T\u0130C. LTD. \u015eT\u0130. IBAN: TR<\/p>\n","protected":false},"author":1,"featured_media":0,"parent":0,"menu_order":0,"comment_status":"closed","ping_status":"closed","template":"","meta":{"footnotes":""},"class_list":["post-30486","page","type-page","status-publish","hentry"],"_links":{"self":[{"href":"https:\/\/emaksprime.com\/en\/wp-json\/wp\/v2\/pages\/30486","targetHints":{"allow":["GET"]}}],"collection":[{"href":"https:\/\/emaksprime.com\/en\/wp-json\/wp\/v2\/pages"}],"about":[{"href":"https:\/\/emaksprime.com\/en\/wp-json\/wp\/v2\/types\/page"}],"author":[{"embeddable":true,"href":"https:\/\/emaksprime.com\/en\/wp-json\/wp\/v2\/users\/1"}],"replies":[{"embeddable":true,"href":"https:\/\/emaksprime.com\/en\/wp-json\/wp\/v2\/comments?post=30486"}],"version-history":[{"count":0,"href":"https:\/\/emaksprime.com\/en\/wp-json\/wp\/v2\/pages\/30486\/revisions"}],"wp:attachment":[{"href":"https:\/\/emaksprime.com\/en\/wp-json\/wp\/v2\/media?parent=30486"}],"curies":[{"name":"wp","href":"https:\/\/api.w.org\/{rel}","templated":true}]}}