{"id":30520,"date":"2017-06-21T08:08:52","date_gmt":"2017-06-21T05:08:52","guid":{"rendered":"https:\/\/emaksprime.com\/favorite-products\/"},"modified":"2025-03-13T15:08:49","modified_gmt":"2025-03-13T12:08:49","slug":"favorite-products","status":"publish","type":"page","link":"https:\/\/emaksprime.com\/en\/favorite-products\/","title":{"rendered":"Favorite Products"},"content":{"rendered":"\t\t\n\t\t\n\n\t\t\t\t<div class=\"\" >\n\t\t\t\t\t\t<div class=\"wd-wishlist-content\">\n\t\t\t\t\t\t\t\t\t\n\t\t<div class=\"wd-empty-block wd-empty-wishlist\">\n\n\t\t<h2 class=\"wd-empty-block-title\">\n\t\t\tThis wishlist is empty.\t\t<\/h2>\n\n\t\t\t\t\t<p class=\"wd-empty-block-text\">\n\t\t\t\tFavorilerinizde hen\u00fcz \u00fcr\u00fcn yok. \t\t\t<\/p>\n\t\t\n\t\t\n\t\t\t\t\t<a class=\"button btn btn-accent wd-empty-block-btn\" href=\"https:\/\/emaksprime.com\/en\/products\/\">\n\t\t\t\tReturn to shop\t\t\t<\/a>\n\t\t\n\t\t\t\t\t<\/div>\n\t\t\t\t\t\t\t\t\t\t\t<\/div>\n\t\t\t\t<\/div>\n\t\t\n","protected":false},"excerpt":{"rendered":"","protected":false},"author":1,"featured_media":0,"parent":0,"menu_order":0,"comment_status":"closed","ping_status":"closed","template":"","meta":{"footnotes":""},"class_list":["post-30520","page","type-page","status-publish","hentry"],"_links":{"self":[{"href":"https:\/\/emaksprime.com\/en\/wp-json\/wp\/v2\/pages\/30520","targetHints":{"allow":["GET"]}}],"collection":[{"href":"https:\/\/emaksprime.com\/en\/wp-json\/wp\/v2\/pages"}],"about":[{"href":"https:\/\/emaksprime.com\/en\/wp-json\/wp\/v2\/types\/page"}],"author":[{"embeddable":true,"href":"https:\/\/emaksprime.com\/en\/wp-json\/wp\/v2\/users\/1"}],"replies":[{"embeddable":true,"href":"https:\/\/emaksprime.com\/en\/wp-json\/wp\/v2\/comments?post=30520"}],"version-history":[{"count":0,"href":"https:\/\/emaksprime.com\/en\/wp-json\/wp\/v2\/pages\/30520\/revisions"}],"wp:attachment":[{"href":"https:\/\/emaksprime.com\/en\/wp-json\/wp\/v2\/media?parent=30520"}],"curies":[{"name":"wp","href":"https:\/\/api.w.org\/{rel}","templated":true}]}}