{"id":30531,"date":"2018-07-06T13:15:50","date_gmt":"2018-07-06T10:15:50","guid":{"rendered":"https:\/\/emaksprime.com\/privacy-and-cookies-policies\/"},"modified":"2025-03-12T17:38:25","modified_gmt":"2025-03-12T14:38:25","slug":"privacy-and-cookies-policies","status":"publish","type":"page","link":"https:\/\/emaksprime.com\/en\/privacy-and-cookies-policies\/","title":{"rendered":"Privacy and Cookies Policies"},"content":{"rendered":"\t\t<div data-elementor-type=\"wp-page\" data-elementor-id=\"30531\" class=\"elementor elementor-30531 elementor-1629\" data-elementor-post-type=\"page\">\n\t\t\t\t\t\t<section class=\"wd-negative-gap elementor-section elementor-top-section elementor-element elementor-element-9b075ad elementor-section-boxed elementor-section-height-default elementor-section-height-default\" data-id=\"9b075ad\" data-element_type=\"section\" data-e-type=\"section\">\n\t\t\t\t\t\t<div class=\"elementor-container elementor-column-gap-default\">\n\t\t\t\t\t<div class=\"elementor-column elementor-col-100 elementor-top-column elementor-element elementor-element-97512a5\" data-id=\"97512a5\" data-element_type=\"column\" data-e-type=\"column\">\n\t\t\t<div class=\"elementor-widget-wrap elementor-element-populated\">\n\t\t\t\t\t\t<div class=\"elementor-element elementor-element-427bdc9 wd-width-100 elementor-widget elementor-widget-wd_title\" data-id=\"427bdc9\" data-element_type=\"widget\" data-e-type=\"widget\" data-widget_type=\"wd_title.default\">\n\t\t\t\t<div class=\"elementor-widget-container\">\n\t\t\t\t\t\t\t<div class=\"title-wrapper wd-set-mb reset-last-child wd-title-color-default wd-title-style-default wd-title-size-default text-center\">\n\n\t\t\t\n\t\t\t<div class=\"liner-continer\">\n\t\t\t\t<h4 class=\"woodmart-title-container title wd-fontsize-l\">GPDR - COOKIES - OUR PRIVACY CONDITIONS<\/h4> \n\t\t\t\t\t\t\t<\/div>\n\n\t\t\t\t\t<\/div>\n\t\t\t\t\t\t<\/div>\n\t\t\t\t<\/div>\n\t\t\t\t<section class=\"wd-negative-gap elementor-section elementor-inner-section elementor-element elementor-element-f276a84 elementor-section-boxed elementor-section-height-default elementor-section-height-default\" data-id=\"f276a84\" data-element_type=\"section\" data-e-type=\"section\">\n\t\t\t\t\t\t<div class=\"elementor-container elementor-column-gap-default\">\n\t\t\t\t\t<div class=\"elementor-column elementor-col-100 elementor-inner-column elementor-element elementor-element-5484ddc\" data-id=\"5484ddc\" data-element_type=\"column\" data-e-type=\"column\">\n\t\t\t<div class=\"elementor-widget-wrap elementor-element-populated\">\n\t\t\t\t\t\t<div class=\"elementor-element elementor-element-b9c662b wd-width-100 elementor-widget elementor-widget-wd_title\" data-id=\"b9c662b\" data-element_type=\"widget\" data-e-type=\"widget\" data-widget_type=\"wd_title.default\">\n\t\t\t\t<div class=\"elementor-widget-container\">\n\t\t\t\t\t\t\t<div class=\"title-wrapper wd-set-mb reset-last-child wd-title-color-default wd-title-style-default wd-title-size-small text-left\">\n\n\t\t\t\n\t\t\t<div class=\"liner-continer\">\n\t\t\t\t<h4 class=\"woodmart-title-container title wd-fontsize-m\"><u>1.<\/u> EXPLANATION<\/h4> \n\t\t\t\t\t\t\t<\/div>\n\n\t\t\t\t\t<\/div>\n\t\t\t\t\t\t<\/div>\n\t\t\t\t<\/div>\n\t\t\t\t<div class=\"elementor-element elementor-element-43a375d color-scheme-inherit text-left elementor-widget elementor-widget-text-editor\" data-id=\"43a375d\" data-element_type=\"widget\" data-e-type=\"widget\" data-widget_type=\"text-editor.default\">\n\t\t\t\t\t\t\t\t\t<p>Our website respects the personal data protection law and your personal privacy rights and we strive to ensure this during your time on our website. Explanations regarding the security of your personal information are explained below and presented for your information. <\/p>\n<p>Your privacy is important to us, your privacy and security rights are our basic principle. In order to protect the privacy of our customers&#8217; personal information, the necessary precautions have been taken by keeping our company&#8217;s system and internet infrastructure at the most reliable level. <\/p>\n<p>You can visit our website without providing any personal information and meet your needs by getting information about our products and services. Cookies are used to collect information about site usage during visits. Our purpose here is to provide convenience to the user visiting our website and to understand how we can improve its operation.  <\/p>\n\t\t\t\t\t\t\t\t<\/div>\n\t\t\t\t\t<\/div>\n\t\t<\/div>\n\t\t\t\t\t<\/div>\n\t\t<\/section>\n\t\t\t\t<section class=\"wd-negative-gap elementor-section elementor-inner-section elementor-element elementor-element-e21ecab elementor-section-boxed elementor-section-height-default elementor-section-height-default\" data-id=\"e21ecab\" data-element_type=\"section\" data-e-type=\"section\">\n\t\t\t\t\t\t<div class=\"elementor-container elementor-column-gap-default\">\n\t\t\t\t\t<div class=\"elementor-column elementor-col-100 elementor-inner-column elementor-element elementor-element-ed9d427\" data-id=\"ed9d427\" data-element_type=\"column\" data-e-type=\"column\">\n\t\t\t<div class=\"elementor-widget-wrap elementor-element-populated\">\n\t\t\t\t\t\t<div class=\"elementor-element elementor-element-408c669 wd-width-100 elementor-widget elementor-widget-wd_title\" data-id=\"408c669\" data-element_type=\"widget\" data-e-type=\"widget\" data-widget_type=\"wd_title.default\">\n\t\t\t\t<div class=\"elementor-widget-container\">\n\t\t\t\t\t\t\t<div class=\"title-wrapper wd-set-mb reset-last-child wd-title-color-default wd-title-style-default wd-title-size-small text-left\">\n\n\t\t\t\n\t\t\t<div class=\"liner-continer\">\n\t\t\t\t<h4 class=\"woodmart-title-container title wd-fontsize-m\"><u>2.<\/u> REGISTRATION FILES<\/h4> \n\t\t\t\t\t\t\t<\/div>\n\n\t\t\t\t\t<\/div>\n\t\t\t\t\t\t<\/div>\n\t\t\t\t<\/div>\n\t\t\t\t<div class=\"elementor-element elementor-element-2b619f0 color-scheme-inherit text-left elementor-widget elementor-widget-text-editor\" data-id=\"2b619f0\" data-element_type=\"widget\" data-e-type=\"widget\" data-widget_type=\"text-editor.default\">\n\t\t\t\t\t\t\t\t\t<p>As with many standard web servers, our website keeps log files for statistical purposes. These files include standard information such as your IP address, Internet service provider, browser features, operating system and site entry and exit pages. Log files are never used for purposes other than statistical purposes and are not shared with third party software or individuals\/companies.  <\/p>\n<p>We are sensitive to your privacy and personal data and are not neglected. Your IP address and other information are not associated with your personal information. <\/p>\n\t\t\t\t\t\t\t\t<\/div>\n\t\t\t\t\t<\/div>\n\t\t<\/div>\n\t\t\t\t\t<\/div>\n\t\t<\/section>\n\t\t\t\t<section class=\"wd-negative-gap elementor-section elementor-inner-section elementor-element elementor-element-1d3ba05 elementor-section-boxed elementor-section-height-default elementor-section-height-default\" data-id=\"1d3ba05\" data-element_type=\"section\" data-e-type=\"section\">\n\t\t\t\t\t\t<div class=\"elementor-container elementor-column-gap-default\">\n\t\t\t\t\t<div class=\"elementor-column elementor-col-100 elementor-inner-column elementor-element elementor-element-2425184\" data-id=\"2425184\" data-element_type=\"column\" data-e-type=\"column\">\n\t\t\t<div class=\"elementor-widget-wrap elementor-element-populated\">\n\t\t\t\t\t\t<div class=\"elementor-element elementor-element-da36fdc wd-width-100 elementor-widget elementor-widget-wd_title\" data-id=\"da36fdc\" data-element_type=\"widget\" data-e-type=\"widget\" data-widget_type=\"wd_title.default\">\n\t\t\t\t<div class=\"elementor-widget-container\">\n\t\t\t\t\t\t\t<div class=\"title-wrapper wd-set-mb reset-last-child wd-title-color-default wd-title-style-default wd-title-size-small text-left\">\n\n\t\t\t\n\t\t\t<div class=\"liner-continer\">\n\t\t\t\t<h4 class=\"woodmart-title-container title wd-fontsize-m\"><u>3.<\/u> ADVERTISING AND SPONSORED COLLABORATIONS<\/h4> \n\t\t\t\t\t\t\t<\/div>\n\n\t\t\t\t\t<\/div>\n\t\t\t\t\t\t<\/div>\n\t\t\t\t<\/div>\n\t\t\t\t<div class=\"elementor-element elementor-element-84e368f color-scheme-inherit text-left elementor-widget elementor-widget-text-editor\" data-id=\"84e368f\" data-element_type=\"widget\" data-e-type=\"widget\" data-widget_type=\"text-editor.default\">\n\t\t\t\t\t\t\t\t\t<p>We may post advertisements from external companies on our website. These advertisements may contain cookies and cookie information may be collected by these companies; we cannot access this information. <\/p>\n\t\t\t\t\t\t\t\t<\/div>\n\t\t\t\t\t<\/div>\n\t\t<\/div>\n\t\t\t\t\t<\/div>\n\t\t<\/section>\n\t\t\t\t<section class=\"wd-negative-gap elementor-section elementor-inner-section elementor-element elementor-element-985580e elementor-section-boxed elementor-section-height-default elementor-section-height-default\" data-id=\"985580e\" data-element_type=\"section\" data-e-type=\"section\">\n\t\t\t\t\t\t<div class=\"elementor-container elementor-column-gap-default\">\n\t\t\t\t\t<div class=\"elementor-column elementor-col-100 elementor-inner-column elementor-element elementor-element-fa89c21\" data-id=\"fa89c21\" data-element_type=\"column\" data-e-type=\"column\">\n\t\t\t<div class=\"elementor-widget-wrap elementor-element-populated\">\n\t\t\t\t\t\t<div class=\"elementor-element elementor-element-5896847 wd-width-100 elementor-widget elementor-widget-wd_title\" data-id=\"5896847\" data-element_type=\"widget\" data-e-type=\"widget\" data-widget_type=\"wd_title.default\">\n\t\t\t\t<div class=\"elementor-widget-container\">\n\t\t\t\t\t\t\t<div class=\"title-wrapper wd-set-mb reset-last-child wd-title-color-default wd-title-style-default wd-title-size-small text-left\">\n\n\t\t\t\n\t\t\t<div class=\"liner-continer\">\n\t\t\t\t<h4 class=\"woodmart-title-container title wd-fontsize-m\"><u>4.<\/u> COOKIES<\/h4> \n\t\t\t\t\t\t\t<\/div>\n\n\t\t\t\t\t<\/div>\n\t\t\t\t\t\t<\/div>\n\t\t\t\t<\/div>\n\t\t\t\t<div class=\"elementor-element elementor-element-ebc1b69 color-scheme-inherit text-left elementor-widget elementor-widget-text-editor\" data-id=\"ebc1b69\" data-element_type=\"widget\" data-e-type=\"widget\" data-widget_type=\"text-editor.default\">\n\t\t\t\t\t\t\t\t\t<p>How can you manage cookies in Internet Explorer?<\/p>\n<p>Most Internet browsers allow you to:<\/p>\n<p>View saved cookies and delete the ones you want<br \/>Block third-party cookies<br \/>Block cookies from specific sites<br \/>Block all cookies<br \/>Delete all cookies when you close Internet Explorer<\/p>\n<p><strong style=\"font-size: 15.4px; color: var(--wd-text-color);\">How to manage cookies in Internet Explorer?<\/strong><\/p>\n<p>Most Internet browsers allow you to:<\/p>\n<ul>\n<li>View saved cookies and delete any you wish<\/li>\n<li>Blocking third-party cookies<\/li>\n<li>Blocking cookies from certain sites<\/li>\n<li>Block all cookies<\/li>\n<li>Delete all cookies when you close your internet browser<\/li>\n<\/ul>\n<p>If you choose to delete cookies, your preferences on the relevant website will be deleted. Also, if you choose to block cookies completely, many websites, including our website, may not work properly. <\/p>\n<p><strong>How do we use cookies?<\/strong><\/p>\n<p>Cookies installed on your computer or the information obtained are used for statistical analysis or security measures. No personal data is collected through cookies. <\/p>\n\t\t\t\t\t\t\t\t<\/div>\n\t\t\t\t\t<\/div>\n\t\t<\/div>\n\t\t\t\t\t<\/div>\n\t\t<\/section>\n\t\t\t\t<section class=\"wd-negative-gap elementor-section elementor-inner-section elementor-element elementor-element-267c681 elementor-section-boxed elementor-section-height-default elementor-section-height-default\" data-id=\"267c681\" data-element_type=\"section\" data-e-type=\"section\">\n\t\t\t\t\t\t<div class=\"elementor-container elementor-column-gap-default\">\n\t\t\t\t\t<div class=\"elementor-column elementor-col-100 elementor-inner-column elementor-element elementor-element-74071f8\" data-id=\"74071f8\" data-element_type=\"column\" data-e-type=\"column\">\n\t\t\t<div class=\"elementor-widget-wrap elementor-element-populated\">\n\t\t\t\t\t\t<div class=\"elementor-element elementor-element-98c08b9 wd-width-100 elementor-widget elementor-widget-wd_title\" data-id=\"98c08b9\" data-element_type=\"widget\" data-e-type=\"widget\" data-widget_type=\"wd_title.default\">\n\t\t\t\t<div class=\"elementor-widget-container\">\n\t\t\t\t\t\t\t<div class=\"title-wrapper wd-set-mb reset-last-child wd-title-color-default wd-title-style-default wd-title-size-small text-left\">\n\n\t\t\t\n\t\t\t<div class=\"liner-continer\">\n\t\t\t\t<h4 class=\"woodmart-title-container title wd-fontsize-m\"><u>5.<\/u> EXTERNAL LINKS<\/h4> \n\t\t\t\t\t\t\t<\/div>\n\n\t\t\t\t\t<\/div>\n\t\t\t\t\t\t<\/div>\n\t\t\t\t<\/div>\n\t\t\t\t<div class=\"elementor-element elementor-element-9493e4f color-scheme-inherit text-left elementor-widget elementor-widget-text-editor\" data-id=\"9493e4f\" data-element_type=\"widget\" data-e-type=\"widget\" data-widget_type=\"text-editor.default\">\n\t\t\t\t\t\t\t\t\t<div class=\"site-content col-lg-9 col-12 col-md-9\" role=\"main\">\n<article id=\"post-3\" class=\"post-3 page type-page status-publish hentry\">\n<div class=\"entry-content\">\n<div class=\"vc_row wpb_row vc_row-fluid vc_custom_1612650659589 vc_row-has-fill\">\n<div class=\"wpb_column vc_column_container vc_col-sm-12\">\n<div class=\"vc_column-inner\">\n<div class=\"wpb_wrapper\">\n<div class=\"vc_row wpb_row vc_inner vc_row-fluid\">\n<div class=\"wpb_column vc_column_container vc_col-sm-12 vc_col-has-fill\">\n<div class=\"vc_column-inner vc_custom_1612650609818\">\n<div class=\"wpb_wrapper\">\n<div class=\"wpb_text_column wpb_content_element vc_custom_1612655995953\">\n<div class=\"wpb_wrapper\">\n<p>Our website may provide links to different internet addresses from its pages.<\/p>\n<p>It is not responsible for the content or privacy principles of the linked banner advertisements or redirected sites. The linking process mentioned here is legally considered as &#8220;referring&#8221;. <\/p>\n<\/div>\n<\/div>\n<\/div>\n<\/div>\n<\/div>\n<\/div>\n<\/div>\n<\/div>\n<\/div>\n<\/div>\n<\/div>\n<\/article>\n<\/div>\n\t\t\t\t\t\t\t\t<\/div>\n\t\t\t\t\t<\/div>\n\t\t<\/div>\n\t\t\t\t\t<\/div>\n\t\t<\/section>\n\t\t\t\t<section class=\"wd-negative-gap elementor-section elementor-inner-section elementor-element elementor-element-e4eefcd elementor-section-boxed elementor-section-height-default elementor-section-height-default\" data-id=\"e4eefcd\" data-element_type=\"section\" data-e-type=\"section\">\n\t\t\t\t\t\t<div class=\"elementor-container elementor-column-gap-default\">\n\t\t\t\t\t<div class=\"elementor-column elementor-col-100 elementor-inner-column elementor-element elementor-element-d89aa44\" data-id=\"d89aa44\" data-element_type=\"column\" data-e-type=\"column\">\n\t\t\t<div class=\"elementor-widget-wrap elementor-element-populated\">\n\t\t\t\t\t\t<div class=\"elementor-element elementor-element-ef198fa wd-width-100 elementor-widget elementor-widget-wd_title\" data-id=\"ef198fa\" data-element_type=\"widget\" data-e-type=\"widget\" data-widget_type=\"wd_title.default\">\n\t\t\t\t<div class=\"elementor-widget-container\">\n\t\t\t\t\t\t\t<div class=\"title-wrapper wd-set-mb reset-last-child wd-title-color-default wd-title-style-default wd-title-size-small text-left\">\n\n\t\t\t\n\t\t\t<div class=\"liner-continer\">\n\t\t\t\t<h4 class=\"woodmart-title-container title wd-fontsize-m\"><u>6.<\/u> CREDIT CARD SECURITY<\/h4> \n\t\t\t\t\t\t\t<\/div>\n\n\t\t\t\t\t<\/div>\n\t\t\t\t\t\t<\/div>\n\t\t\t\t<\/div>\n\t\t\t\t<div class=\"elementor-element elementor-element-ac6ff73 color-scheme-inherit text-left elementor-widget elementor-widget-text-editor\" data-id=\"ac6ff73\" data-element_type=\"widget\" data-e-type=\"widget\" data-widget_type=\"text-editor.default\">\n\t\t\t\t\t\t\t\t\t<p>Firmam\u0131z, al\u0131\u015fveri\u015f sitelerimizden al\u0131\u015fveri\u015f yapan kredi kart\u0131 sahiplerinin g\u00fcvenli\u011fini ilk planda tutmaktad\u0131r. Kredi kart\u0131 bilgileriniz hi\u00e7bir \u015fekilde&nbsp;sistemimizde saklanmamaktad\u0131r. <\/p>\n<p>There are two things you should pay attention to when you enter the transaction process to understand that you are on a secure site. One of these is a key or lock icon in the address bar of your browser. This indicates that you are on a secure web page and all your information is encrypted and protected. This information is used only in connection with the sales transaction process and in line with the instructions you give. Information regarding the credit card used during shopping is sent to the relevant bank for query with our payment provider, independent of our shopping sites. If the card&#8217;s usability is approved, shopping continues. Since no information regarding the card can be viewed or recorded by us, third parties are prevented from obtaining this information under any circumstances.      <\/p>\n<p>The reliability of payment\/invoice\/delivery address information for online credit card orders is monitored by our company against Credit Card Fraud. Therefore, customers who place an order for the first time on our shopping sites must first verify the accuracy of their financial and address\/phone information in order for their orders to reach the supply and delivery stage. If necessary, the credit card holder or the relevant bank is contacted to check this information.  <\/p>\n<p>Internet shopping sites that have an information line or customer service and that specify full address and telephone information are more preferred today. In this way, you can get detailed information about all the issues that come to your mind and get more accurate information about the reliability of the company that provides online shopping services. <\/p>\n<p>Note: We recommend that you pay attention to the company&#8217;s full address and phone number on online shopping sites.<\/p>\n<p>If you are going to shop, write down all the phone\/address information of the store you bought the product from before shopping. If you are not confident, call and confirm before shopping. All our information and a map showing the location of our company are clearly stated on all our online shopping sites.  <\/p>\n<p><strong>MAIL ORDER CREDIT CARD INFORMATION SECURITY<\/strong><\/p><strong>\n<\/strong><p><strong><\/strong>Your identity and credit card information that you will send to us via credit card mail-order method will be stored by our company according to the principle of confidentiality. This information is kept for 60 days against possible objections to credit card withdrawals that may arise with the bank and then destroyed. If any amount other than the approved mail-order form fee that you will send us for the price of the products you ordered is withdrawn from your card, it does not pose a risk as you can naturally object to the bank and prevent the payment of this amount.  <\/p>\t\t\t\t\t\t\t\t<\/div>\n\t\t\t\t\t<\/div>\n\t\t<\/div>\n\t\t\t\t\t<\/div>\n\t\t<\/section>\n\t\t\t\t<section class=\"wd-negative-gap elementor-section elementor-inner-section elementor-element elementor-element-fee1359 elementor-section-boxed elementor-section-height-default elementor-section-height-default\" data-id=\"fee1359\" data-element_type=\"section\" data-e-type=\"section\">\n\t\t\t\t\t\t<div class=\"elementor-container elementor-column-gap-default\">\n\t\t\t\t\t<div class=\"elementor-column elementor-col-100 elementor-inner-column elementor-element elementor-element-2f227c9\" data-id=\"2f227c9\" data-element_type=\"column\" data-e-type=\"column\">\n\t\t\t<div class=\"elementor-widget-wrap elementor-element-populated\">\n\t\t\t\t\t\t<div class=\"elementor-element elementor-element-0ec877b wd-width-100 elementor-widget elementor-widget-wd_title\" data-id=\"0ec877b\" data-element_type=\"widget\" data-e-type=\"widget\" data-widget_type=\"wd_title.default\">\n\t\t\t\t<div class=\"elementor-widget-container\">\n\t\t\t\t\t\t\t<div class=\"title-wrapper wd-set-mb reset-last-child wd-title-color-default wd-title-style-default wd-title-size-small text-left\">\n\n\t\t\t\n\t\t\t<div class=\"liner-continer\">\n\t\t\t\t<h4 class=\"woodmart-title-container title wd-fontsize-m\"><u>7.<\/u> E-MAIL SECURITY<\/h4> \n\t\t\t\t\t\t\t<\/div>\n\n\t\t\t\t\t<\/div>\n\t\t\t\t\t\t<\/div>\n\t\t\t\t<\/div>\n\t\t\t\t<div class=\"elementor-element elementor-element-04a5a64 color-scheme-inherit text-left elementor-widget elementor-widget-text-editor\" data-id=\"04a5a64\" data-element_type=\"widget\" data-e-type=\"widget\" data-widget_type=\"text-editor.default\">\n\t\t\t\t\t\t\t\t\t<div class=\"container-fluid\">\n<div class=\"row\">\n<div class=\"col-md-12 col-sm-12 col-xs-12\">\n<div id=\"sayfa_orta\">\n<div class=\"sayfa_detay\">\n<div class=\"p_a_10\">\n<p>Never write your credit card number or passwords in the e-mails you send to our website Customer Services regarding any of your orders. The information in the e-mails can be seen by third parties. Our company cannot guarantee the security of the information transferred from your e-mails under any circumstances.  <\/p>\n<\/div>\n<\/div>\n<\/div>\n<\/div>\n<\/div>\n<\/div>\n\t\t\t\t\t\t\t\t<\/div>\n\t\t\t\t\t<\/div>\n\t\t<\/div>\n\t\t\t\t\t<\/div>\n\t\t<\/section>\n\t\t\t\t\t<\/div>\n\t\t<\/div>\n\t\t\t\t\t<\/div>\n\t\t<\/section>\n\t\t\t\t<\/div>\n\t\t","protected":false},"excerpt":{"rendered":"<p>GPDR &#8211; COOKIES &#8211; OUR PRIVACY CONDITIONS 1. EXPLANATION Our website respects the personal data protection law and your personal<\/p>\n","protected":false},"author":1,"featured_media":0,"parent":0,"menu_order":0,"comment_status":"closed","ping_status":"closed","template":"","meta":{"footnotes":""},"class_list":["post-30531","page","type-page","status-publish","hentry"],"_links":{"self":[{"href":"https:\/\/emaksprime.com\/en\/wp-json\/wp\/v2\/pages\/30531","targetHints":{"allow":["GET"]}}],"collection":[{"href":"https:\/\/emaksprime.com\/en\/wp-json\/wp\/v2\/pages"}],"about":[{"href":"https:\/\/emaksprime.com\/en\/wp-json\/wp\/v2\/types\/page"}],"author":[{"embeddable":true,"href":"https:\/\/emaksprime.com\/en\/wp-json\/wp\/v2\/users\/1"}],"replies":[{"embeddable":true,"href":"https:\/\/emaksprime.com\/en\/wp-json\/wp\/v2\/comments?post=30531"}],"version-history":[{"count":0,"href":"https:\/\/emaksprime.com\/en\/wp-json\/wp\/v2\/pages\/30531\/revisions"}],"wp:attachment":[{"href":"https:\/\/emaksprime.com\/en\/wp-json\/wp\/v2\/media?parent=30531"}],"curies":[{"name":"wp","href":"https:\/\/api.w.org\/{rel}","templated":true}]}}