{"id":30542,"date":"2023-11-09T14:57:38","date_gmt":"2023-11-09T11:57:38","guid":{"rendered":"https:\/\/emaksprime.com\/human-resources\/"},"modified":"2025-03-13T15:42:51","modified_gmt":"2025-03-13T12:42:51","slug":"human-resources","status":"publish","type":"page","link":"https:\/\/emaksprime.com\/en\/human-resources\/","title":{"rendered":"Human Resources"},"content":{"rendered":"\t\t<div data-elementor-type=\"wp-page\" data-elementor-id=\"30542\" class=\"elementor elementor-30542 elementor-26672\" data-elementor-post-type=\"page\">\n\t\t\t\t\t\t<section class=\"wd-negative-gap elementor-section elementor-top-section elementor-element elementor-element-31d77e1 elementor-section-boxed elementor-section-height-default elementor-section-height-default\" data-id=\"31d77e1\" data-element_type=\"section\" data-e-type=\"section\">\n\t\t\t\t\t\t<div class=\"elementor-container elementor-column-gap-default\">\n\t\t\t\t\t<div class=\"elementor-column elementor-col-100 elementor-top-column elementor-element elementor-element-d2125fa\" data-id=\"d2125fa\" data-element_type=\"column\" data-e-type=\"column\">\n\t\t\t<div class=\"elementor-widget-wrap elementor-element-populated\">\n\t\t\t\t\t\t<div class=\"elementor-element elementor-element-3d1a558 elementor-widget elementor-widget-wd_text_block\" data-id=\"3d1a558\" data-element_type=\"widget\" data-e-type=\"widget\" data-widget_type=\"wd_text_block.default\">\n\t\t\t\t<div class=\"elementor-widget-container\">\n\t\t\t\t\t\t\t<div class=\"wd-text-block reset-last-child text-left\">\n\t\t\t\n\t\t\t<p>Our human resources policy is to provide the most competent personnel for the cadres at all levels of the company and to determine the method to be applied in the development of personnel competencies in line with the determined target, in order to carry out the company's activities economically and at the most efficient level.<br>Our general policy is to ensure the selection and assignment of personnel with the appropriate qualifications for the nature of the job, to provide training and development opportunities suitable for the talents of the personnel and to encourage the personnel to succeed, to provide opportunities to increase their knowledge and experience, and to reward the successful personnel.<\/p>\n\t\t\t\t\t<\/div>\n\t\t\t\t\t\t<\/div>\n\t\t\t\t<\/div>\n\t\t\t\t<div class=\"elementor-element elementor-element-5b8b4c7 elementor-widget elementor-widget-wpforms\" data-id=\"5b8b4c7\" data-element_type=\"widget\" data-e-type=\"widget\" data-widget_type=\"wpforms.default\">\n\t\t\t\t<div class=\"elementor-widget-container\">\n\t\t\t\t\t<div class=\"wpforms-container wpforms-container-full wpforms-render-modern\" id=\"wpforms-26678\"><form id=\"wpforms-form-26678\" class=\"wpforms-validate wpforms-form wpforms-ajax-form\" data-formid=\"26678\" method=\"post\" enctype=\"multipart\/form-data\" action=\"\/en\/wp-json\/wp\/v2\/pages\/30542?wpforms_form_id=26678\" data-token=\"265aa2d3063202a3035a462c6b5d6f66\" data-token-time=\"1778682822\"><noscript class=\"wpforms-error-noscript\">Please enable JavaScript in your browser to complete this form.<\/noscript><div id=\"wpforms-error-noscript\" style=\"display: none;\">Please enable JavaScript in your browser to complete this form.<\/div><div class=\"wpforms-field-container\"><div id=\"wpforms-26678-field_1-container\" class=\"wpforms-field wpforms-field-name\" data-field-id=\"1\"><fieldset><legend class=\"wpforms-field-label\">Ad\u0131n\u0131z Soyad\u0131n\u0131z <span class=\"wpforms-required-label\" aria-hidden=\"true\">*<\/span><\/legend><div class=\"wpforms-field-row wpforms-field-medium\"><div class=\"wpforms-field-row-block wpforms-first wpforms-one-half\"><input type=\"text\" id=\"wpforms-26678-field_1\" class=\"wpforms-field-name-first wpforms-field-required\" name=\"wpforms[fields][1][first]\" aria-errormessage=\"wpforms-26678-field_1-error\" required><label for=\"wpforms-26678-field_1\" class=\"wpforms-field-sublabel after\">First<\/label><\/div><div class=\"wpforms-field-row-block wpforms-one-half\"><input type=\"text\" id=\"wpforms-26678-field_1-last\" class=\"wpforms-field-name-last wpforms-field-required\" name=\"wpforms[fields][1][last]\" aria-errormessage=\"wpforms-26678-field_1-last-error\" required><label for=\"wpforms-26678-field_1-last\" class=\"wpforms-field-sublabel after\">Last<\/label><\/div><\/div><\/fieldset><\/div><div id=\"wpforms-26678-field_2-container\" class=\"wpforms-field wpforms-field-email\" data-field-id=\"2\"><label class=\"wpforms-field-label\" for=\"wpforms-26678-field_2\">E-Mail Adresiniz <span class=\"wpforms-required-label\" aria-hidden=\"true\">*<\/span><\/label><input type=\"email\" id=\"wpforms-26678-field_2\" class=\"wpforms-field-medium wpforms-field-required\" name=\"wpforms[fields][2]\" spellcheck=\"false\" aria-errormessage=\"wpforms-26678-field_2-error\" required><\/div><div id=\"wpforms-26678-field_3-container\" class=\"wpforms-field wpforms-field-text\" data-field-id=\"3\"><label class=\"wpforms-field-label\" for=\"wpforms-26678-field_3\">Do\u011fum Yeriniz<\/label><input type=\"text\" id=\"wpforms-26678-field_3\" class=\"wpforms-field-medium\" name=\"wpforms[fields][3]\" aria-errormessage=\"wpforms-26678-field_3-error\" ><\/div><div id=\"wpforms-26678-field_5-container\" class=\"wpforms-field wpforms-field-date-time\" data-field-id=\"5\"><label class=\"wpforms-field-label\" for=\"wpforms-26678-field_5\">Do\u011fum Tarihiniz<\/label><div class=\"wpforms-datepicker-wrap\"><input type=\"text\" id=\"wpforms-26678-field_5\" class=\"wpforms-field-date-time-date wpforms-datepicker wpforms-field-medium\" data-date-format=\"m\/d\/Y\" data-disable-past-dates=\"0\" data-input=\"true\" name=\"wpforms[fields][5][date]\" aria-errormessage=\"wpforms-26678-field_5-error\" ><a title=\"Clear Date\" data-clear role=\"button\" tabindex=\"0\" class=\"wpforms-datepicker-clear\" aria-label=\"Clear Date\" style=\"display:none;\"><\/a><\/div><\/div><div id=\"wpforms-26678-field_6-container\" class=\"wpforms-field wpforms-field-phone\" data-field-id=\"6\"><label class=\"wpforms-field-label\" for=\"wpforms-26678-field_6\">Telefon Numaran\u0131z<\/label><input type=\"tel\" id=\"wpforms-26678-field_6\" class=\"wpforms-field-medium wpforms-smart-phone-field\" data-rule-smart-phone-field=\"true\" name=\"wpforms[fields][6]\" aria-label=\"Telefon Numaran\u0131z\" aria-errormessage=\"wpforms-26678-field_6-error\" ><\/div><div id=\"wpforms-26678-field_7-container\" class=\"wpforms-field wpforms-field-address\" data-field-id=\"7\"><fieldset><legend class=\"wpforms-field-label\">Adresiniz<\/legend><div class=\"wpforms-field-row wpforms-field-medium\"><div ><input type=\"text\" id=\"wpforms-26678-field_7\" class=\"wpforms-field-address-address1\" name=\"wpforms[fields][7][address1]\" placeholder=\"Adres\" aria-errormessage=\"wpforms-26678-field_7-error\" ><label for=\"wpforms-26678-field_7\" class=\"wpforms-field-sublabel after\">Address Line 1<\/label><\/div><\/div><div class=\"wpforms-field-row wpforms-field-medium\"><div class=\"wpforms-field-row-block wpforms-one-half wpforms-first\"><input type=\"text\" id=\"wpforms-26678-field_7-city\" class=\"wpforms-field-address-city\" name=\"wpforms[fields][7][city]\" placeholder=\"\u015eehir\" aria-errormessage=\"wpforms-26678-field_7-city-error\" ><label for=\"wpforms-26678-field_7-city\" class=\"wpforms-field-sublabel after\">City<\/label><\/div><div class=\"wpforms-field-row-block wpforms-one-half\"><input type=\"text\" id=\"wpforms-26678-field_7-state\" class=\"wpforms-field-address-state\" name=\"wpforms[fields][7][state]\" placeholder=\"\u0130l\u00e7e\" aria-errormessage=\"wpforms-26678-field_7-state-error\" ><label for=\"wpforms-26678-field_7-state\" class=\"wpforms-field-sublabel after\">State \/ Province \/ Region<\/label><\/div><\/div><\/fieldset><\/div><div id=\"wpforms-26678-field_9-container\" class=\"wpforms-field wpforms-field-radio\" data-field-id=\"9\"><fieldset><legend class=\"wpforms-field-label\">Askerlik Durumu<\/legend><ul id=\"wpforms-26678-field_9\"><li class=\"choice-1 depth-1\"><input type=\"radio\" id=\"wpforms-26678-field_9_1\" name=\"wpforms[fields][9]\" value=\"Yap\u0131ld\u0131\" aria-errormessage=\"wpforms-26678-field_9_1-error\"  ><label class=\"wpforms-field-label-inline\" for=\"wpforms-26678-field_9_1\">Yap\u0131ld\u0131<\/label><\/li><li class=\"choice-2 depth-1\"><input type=\"radio\" id=\"wpforms-26678-field_9_2\" name=\"wpforms[fields][9]\" value=\"Tecilli\" aria-errormessage=\"wpforms-26678-field_9_2-error\"  ><label class=\"wpforms-field-label-inline\" for=\"wpforms-26678-field_9_2\">Tecilli<\/label><\/li><li class=\"choice-4 depth-1\"><input type=\"radio\" id=\"wpforms-26678-field_9_4\" name=\"wpforms[fields][9]\" value=\"Muaf\" aria-errormessage=\"wpforms-26678-field_9_4-error\"  ><label class=\"wpforms-field-label-inline\" for=\"wpforms-26678-field_9_4\">Muaf<\/label><\/li><\/ul><\/fieldset><\/div><div id=\"wpforms-26678-field_10-container\" class=\"wpforms-field wpforms-field-radio\" data-field-id=\"10\"><fieldset><legend class=\"wpforms-field-label\">Medeni Durumunuz<\/legend><ul id=\"wpforms-26678-field_10\"><li class=\"choice-1 depth-1\"><input type=\"radio\" id=\"wpforms-26678-field_10_1\" name=\"wpforms[fields][10]\" value=\"Bekar\" aria-errormessage=\"wpforms-26678-field_10_1-error\"  ><label class=\"wpforms-field-label-inline\" for=\"wpforms-26678-field_10_1\">Bekar<\/label><\/li><li class=\"choice-2 depth-1\"><input type=\"radio\" id=\"wpforms-26678-field_10_2\" name=\"wpforms[fields][10]\" value=\"Evli\" aria-errormessage=\"wpforms-26678-field_10_2-error\"  ><label class=\"wpforms-field-label-inline\" for=\"wpforms-26678-field_10_2\">Evli<\/label><\/li><\/ul><\/fieldset><\/div><div id=\"wpforms-26678-field_11-container\" class=\"wpforms-field wpforms-field-radio\" data-field-id=\"11\"><fieldset><legend class=\"wpforms-field-label\">Sigara Kullan\u0131m\u0131<\/legend><ul id=\"wpforms-26678-field_11\"><li class=\"choice-1 depth-1\"><input type=\"radio\" id=\"wpforms-26678-field_11_1\" name=\"wpforms[fields][11]\" value=\"Evet\" aria-errormessage=\"wpforms-26678-field_11_1-error\"  ><label class=\"wpforms-field-label-inline\" for=\"wpforms-26678-field_11_1\">Evet<\/label><\/li><li class=\"choice-2 depth-1\"><input type=\"radio\" id=\"wpforms-26678-field_11_2\" name=\"wpforms[fields][11]\" value=\"Hay\u0131r\" aria-errormessage=\"wpforms-26678-field_11_2-error\"  ><label class=\"wpforms-field-label-inline\" for=\"wpforms-26678-field_11_2\">Hay\u0131r<\/label><\/li><\/ul><\/fieldset><\/div><div id=\"wpforms-26678-field_12-container\" class=\"wpforms-field wpforms-field-radio\" data-field-id=\"12\"><fieldset><legend class=\"wpforms-field-label\">S\u00fcr\u00fcc\u00fc Belgesi<\/legend><ul id=\"wpforms-26678-field_12\"><li class=\"choice-1 depth-1\"><input type=\"radio\" id=\"wpforms-26678-field_12_1\" name=\"wpforms[fields][12]\" value=\"Var\" aria-errormessage=\"wpforms-26678-field_12_1-error\"  ><label class=\"wpforms-field-label-inline\" for=\"wpforms-26678-field_12_1\">Var<\/label><\/li><li class=\"choice-2 depth-1\"><input type=\"radio\" id=\"wpforms-26678-field_12_2\" name=\"wpforms[fields][12]\" value=\"Yok\" aria-errormessage=\"wpforms-26678-field_12_2-error\"  ><label class=\"wpforms-field-label-inline\" for=\"wpforms-26678-field_12_2\">Yok<\/label><\/li><\/ul><\/fieldset><\/div><div id=\"wpforms-26678-field_20-container\" class=\"wpforms-field wpforms-field-select wpforms-field-select-style-classic\" data-field-id=\"20\"><label class=\"wpforms-field-label\" for=\"wpforms-26678-field_20\">E\u011fitim Seviyesi<\/label><select id=\"wpforms-26678-field_20\" class=\"wpforms-field-medium\" name=\"wpforms[fields][20]\"><option value=\"\u0130lk Okul\"  class=\"choice-1 depth-1\"  >\u0130lk Okul<\/option><option value=\"OrtaOkul\"  class=\"choice-2 depth-1\"  >OrtaOkul<\/option><option value=\"Lise\"  class=\"choice-3 depth-1\"  >Lise<\/option><option value=\"\u00d6nlisans\"  class=\"choice-4 depth-1\"  >\u00d6nlisans<\/option><option value=\"Lisans\"  class=\"choice-5 depth-1\"  >Lisans<\/option><option value=\"Y\u00fcksekLisans\"  class=\"choice-7 depth-1\"  >Y\u00fcksekLisans<\/option><option value=\"Master\"  class=\"choice-8 depth-1\"  >Master<\/option><option value=\"Doktora\"  class=\"choice-9 depth-1\"  >Doktora<\/option><\/select><\/div><div id=\"wpforms-26678-field_15-container\" class=\"wpforms-field wpforms-field-text\" data-field-id=\"15\"><label class=\"wpforms-field-label\" for=\"wpforms-26678-field_15\">Meslek Gurubunuz<\/label><input type=\"text\" id=\"wpforms-26678-field_15\" class=\"wpforms-field-medium\" name=\"wpforms[fields][15]\" aria-errormessage=\"wpforms-26678-field_15-error\" ><\/div><div id=\"wpforms-26678-field_16-container\" class=\"wpforms-field wpforms-field-text\" data-field-id=\"16\"><label class=\"wpforms-field-label\" for=\"wpforms-26678-field_16\">Yabanc\u0131 Diler<\/label><input type=\"text\" id=\"wpforms-26678-field_16\" class=\"wpforms-field-medium\" name=\"wpforms[fields][16]\" aria-errormessage=\"wpforms-26678-field_16-error\" ><\/div><div id=\"wpforms-26678-field_17-container\" class=\"wpforms-field wpforms-field-text\" data-field-id=\"17\"><label class=\"wpforms-field-label\" for=\"wpforms-26678-field_17\">Bu Alandaki \u0130\u015f Tecr\u00fcbeniz<\/label><input type=\"text\" id=\"wpforms-26678-field_17\" class=\"wpforms-field-medium\" name=\"wpforms[fields][17]\" aria-errormessage=\"wpforms-26678-field_17-error\" ><\/div><div id=\"wpforms-26678-field_18-container\" class=\"wpforms-field wpforms-field-file-upload\" data-field-id=\"18\"><label class=\"wpforms-field-label\" for=\"wpforms-26678-field_18\">CV Dosyas\u0131<\/label><div\n\t\tclass=\"wpforms-uploader \"\n\t\tdata-field-id=\"18\"\n\t\tdata-form-id=\"26678\"\n\t\tdata-input-name=\"wpforms_26678_18\"\n\t\tdata-extensions=\"jpg,jpeg,jpe,gif,png,bmp,tiff,tif,webp,avif,ico,heic,heif,heics,heifs,asf,asx,wmv,wmx,wm,avi,divx,mov,qt,mpeg,mpg,mpe,mp4,m4v,ogv,webm,mkv,3gp,3gpp,3g2,3gp2,txt,asc,c,cc,h,srt,csv,tsv,ics,rtx,css,vtt,mp3,m4a,m4b,aac,ra,ram,wav,x-wav,ogg,oga,flac,mid,midi,wma,wax,mka,rtf,pdf,class,tar,zip,gz,gzip,rar,7z,psd,xcf,doc,pot,pps,ppt,wri,xla,xls,xlt,xlw,mpp,docx,docm,dotx,dotm,xlsx,xlsm,xlsb,xltx,xltm,xlam,pptx,pptm,ppsx,ppsm,potx,potm,ppam,sldx,sldm,onetoc,onetoc2,onepkg,oxps,xps,odt,odp,ods,odg,odc,odb,odf,wp,wpd,key,numbers,pages,svg,svgz,woff,woff2,ttf,eot\"\n\t\tdata-max-size=\"268435456\"\n\t\tdata-max-file-number=\"1\"\n\t\tdata-post-max-size=\"268435456\"\n\t\tdata-max-parallel-uploads=\"4\"\n\t\tdata-parallel-uploads=\"true\"\n\t\tdata-file-chunk-size=\"2097152\">\n\t<div class=\"dz-message\">\n\t\t<svg  viewBox=\"0 0 640 640\" focusable=\"false\" data-icon=\"inbox\" width=\"50px\" height=\"50px\" fill=\"currentColor\" aria-hidden=\"true\">\n\t\t\t<path d=\"M352 173.3L352 384C352 401.7 337.7 416 320 416C302.3 416 288 401.7 288 384L288 173.3L246.6 214.7C234.1 227.2 213.8 227.2 201.3 214.7C188.8 202.2 188.8 181.9 201.3 169.4L297.3 73.4C309.8 60.9 330.1 60.9 342.6 73.4L438.6 169.4C451.1 181.9 451.1 202.2 438.6 214.7C426.1 227.2 405.8 227.2 393.3 214.7L352 173.3zM320 464C364.2 464 400 428.2 400 384L480 384C515.3 384 544 412.7 544 448L544 480C544 515.3 515.3 544 480 544L160 544C124.7 544 96 515.3 96 480L96 448C96 412.7 124.7 384 160 384L240 384C240 428.2 275.8 464 320 464zM464 488C477.3 488 488 477.3 488 464C488 450.7 477.3 440 464 440C450.7 440 440 450.7 440 464C440 477.3 450.7 488 464 488z\"\/>\n\t\t<\/svg>\n\n\t\t<span class=\"modern-title\">\n\t\t\t\t\t\t\tDrag &amp; Drop Files, \t\t\t\t<span>Choose Files to Upload<\/span>\n\t\t\t\t\t<\/span>\n\n\t\t\t<\/div>\n<\/div>\n\n<input\n\t\ttype=\"text\"\n\t\tautocomplete=\"off\"\n\t\treadonly\n\t\tclass=\"dropzone-input\"\n\t\tstyle=\"position:absolute!important;clip:rect(0,0,0,0)!important;height:1px!important;width:1px!important;border:0!important;overflow:hidden!important;padding:0!important;margin:0!important;\"\n\t\tid=\"wpforms-26678-field_18\"\n\t\tname=\"wpforms_26678_18\" \t\tvalue=\"\">\n<\/div><div id=\"wpforms-26678-field_19-container\" class=\"wpforms-field wpforms-field-text\" data-field-id=\"19\"><label class=\"wpforms-field-label\" for=\"wpforms-26678-field_19\">Maa\u015f Beklentiniz<\/label><input type=\"text\" id=\"wpforms-26678-field_19\" class=\"wpforms-field-medium\" name=\"wpforms[fields][19]\" aria-errormessage=\"wpforms-26678-field_19-error\" ><\/div><\/div><!-- .wpforms-field-container --><div class=\"wpforms-submit-container\" ><input type=\"hidden\" name=\"wpforms[id]\" value=\"26678\"><input type=\"hidden\" name=\"page_title\" value=\"\"><input type=\"hidden\" name=\"page_url\" value=\"https:\/\/emaksprime.com\/en\/wp-json\/wp\/v2\/pages\/30542\"><input type=\"hidden\" name=\"url_referer\" value=\"\"><button type=\"submit\" name=\"wpforms[submit]\" id=\"wpforms-submit-26678\" class=\"wpforms-submit\" data-alt-text=\"G\u00f6nderiliyor...\" data-submit-text=\"G\u00f6nder\" aria-live=\"assertive\" value=\"wpforms-submit\">G\u00f6nder<\/button><img loading=\"lazy\" decoding=\"async\" src=\"https:\/\/emaksprime.com\/wp-content\/plugins\/wpforms\/assets\/images\/submit-spin.svg\" class=\"wpforms-submit-spinner\" style=\"display: none;\" width=\"26\" height=\"26\" alt=\"Loading\"><\/div><\/form><\/div>  <!-- .wpforms-container -->\t\t\t\t<\/div>\n\t\t\t\t<\/div>\n\t\t\t\t\t<\/div>\n\t\t<\/div>\n\t\t\t\t\t<\/div>\n\t\t<\/section>\n\t\t\t\t<\/div>\n\t\t","protected":false},"excerpt":{"rendered":"<p>Our human resources policy is to provide the most competent personnel for the cadres at all levels of the company<\/p>\n","protected":false},"author":1,"featured_media":0,"parent":0,"menu_order":0,"comment_status":"closed","ping_status":"closed","template":"","meta":{"footnotes":""},"class_list":["post-30542","page","type-page","status-publish","hentry"],"_links":{"self":[{"href":"https:\/\/emaksprime.com\/en\/wp-json\/wp\/v2\/pages\/30542","targetHints":{"allow":["GET"]}}],"collection":[{"href":"https:\/\/emaksprime.com\/en\/wp-json\/wp\/v2\/pages"}],"about":[{"href":"https:\/\/emaksprime.com\/en\/wp-json\/wp\/v2\/types\/page"}],"author":[{"embeddable":true,"href":"https:\/\/emaksprime.com\/en\/wp-json\/wp\/v2\/users\/1"}],"replies":[{"embeddable":true,"href":"https:\/\/emaksprime.com\/en\/wp-json\/wp\/v2\/comments?post=30542"}],"version-history":[{"count":0,"href":"https:\/\/emaksprime.com\/en\/wp-json\/wp\/v2\/pages\/30542\/revisions"}],"wp:attachment":[{"href":"https:\/\/emaksprime.com\/en\/wp-json\/wp\/v2\/media?parent=30542"}],"curies":[{"name":"wp","href":"https:\/\/api.w.org\/{rel}","templated":true}]}}