{"id":30549,"date":"2023-03-27T01:21:34","date_gmt":"2023-03-26T22:21:34","guid":{"rendered":"https:\/\/emaksprime.com\/user-manual\/"},"modified":"2025-07-22T17:36:59","modified_gmt":"2025-07-22T14:36:59","slug":"user-manual","status":"publish","type":"page","link":"https:\/\/emaksprime.com\/en\/user-manual\/","title":{"rendered":"User Manual"},"content":{"rendered":"\t\t<div data-elementor-type=\"wp-page\" data-elementor-id=\"30549\" class=\"elementor elementor-30549 elementor-22909\" data-elementor-post-type=\"page\">\n\t\t\t\t\t\t<section class=\"wd-negative-gap elementor-section elementor-top-section elementor-element elementor-element-bfbe3b3 elementor-section-boxed elementor-section-height-default elementor-section-height-default\" data-id=\"bfbe3b3\" data-element_type=\"section\" data-e-type=\"section\">\n\t\t\t\t\t\t<div class=\"elementor-container elementor-column-gap-default\">\n\t\t\t\t\t<div class=\"elementor-column elementor-col-100 elementor-top-column elementor-element elementor-element-0de6e73\" data-id=\"0de6e73\" data-element_type=\"column\" data-e-type=\"column\">\n\t\t\t<div class=\"elementor-widget-wrap\">\n\t\t\t\t\t\t\t<\/div>\n\t\t<\/div>\n\t\t\t\t\t<\/div>\n\t\t<\/section>\n\t\t\t\t<\/div>\n\t\t","protected":false},"excerpt":{"rendered":"<p>Philips Easykey Emaks Prime Philips DDL709-FVP-7HWS Kullan\u0131m K\u0131lavuzu Kurulum Video Philips DDL702-8HWS Kullan\u0131m K\u0131lavuzu Kurulum Video Philips DDL303-VP-5HWS Kullan\u0131m K\u0131lavuzu<\/p>\n","protected":false},"author":1,"featured_media":0,"parent":0,"menu_order":0,"comment_status":"closed","ping_status":"closed","template":"","meta":{"footnotes":""},"class_list":["post-30549","page","type-page","status-publish","hentry"],"_links":{"self":[{"href":"https:\/\/emaksprime.com\/en\/wp-json\/wp\/v2\/pages\/30549","targetHints":{"allow":["GET"]}}],"collection":[{"href":"https:\/\/emaksprime.com\/en\/wp-json\/wp\/v2\/pages"}],"about":[{"href":"https:\/\/emaksprime.com\/en\/wp-json\/wp\/v2\/types\/page"}],"author":[{"embeddable":true,"href":"https:\/\/emaksprime.com\/en\/wp-json\/wp\/v2\/users\/1"}],"replies":[{"embeddable":true,"href":"https:\/\/emaksprime.com\/en\/wp-json\/wp\/v2\/comments?post=30549"}],"version-history":[{"count":0,"href":"https:\/\/emaksprime.com\/en\/wp-json\/wp\/v2\/pages\/30549\/revisions"}],"wp:attachment":[{"href":"https:\/\/emaksprime.com\/en\/wp-json\/wp\/v2\/media?parent=30549"}],"curies":[{"name":"wp","href":"https:\/\/api.w.org\/{rel}","templated":true}]}}